{"id":150,"date":"2025-05-21T23:41:08","date_gmt":"2025-05-21T23:41:08","guid":{"rendered":"https:\/\/www.gloworia.shop\/?post_type=product&#038;p=150"},"modified":"2025-08-02T09:14:16","modified_gmt":"2025-08-02T09:14:16","slug":"sakura-skincare-travel-set-cleanser-serum-eye-cream-essence","status":"publish","type":"product","link":"https:\/\/www.gloworia.shop\/fr\/produit\/sakura-skincare-travel-set-cleanser-serum-eye-cream-essence\/","title":{"rendered":"Sakura Skincare Travel Set \u2013 Cleanser, Toner, Face Cream &#038; sunscreen"},"content":{"rendered":"<p>Ce kit  Sakura pour femmes est le kit beaut\u00e9 4-en-1 ultime, parfait pour une peau \u00e9clatante et hydrat\u00e9e en d\u00e9placement.<\/p>\n<p>comprend<\/p>\n<ul data-start=\"324\" data-end=\"450\">\n<li data-start=\"324\" data-end=\"357\">\n<p data-start=\"326\" data-end=\"357\">\ud83c\udf38 <strong data-start=\"329\" data-end=\"355\">Nettoyant doux pour le visage<\/strong><\/p>\n<\/li>\n<li data-start=\"358\" data-end=\"385\">\n<p data-start=\"360\" data-end=\"385\">\ud83c\udf38 <strong data-start=\"363\" data-end=\"383\">toner rafra\u00eechissant<\/strong><\/p>\n<\/li>\n<li data-start=\"386\" data-end=\"418\">\n<p data-start=\"388\" data-end=\"418\">\ud83c\udf38 <strong data-start=\"391\" data-end=\"416\">Cr\u00e8me nourrissante pour le visage<\/strong><\/p>\n<\/li>\n<li data-start=\"419\" data-end=\"450\">\n<p data-start=\"421\" data-end=\"450\">\ud83c\udf38 <strong data-start=\"424\" data-end=\"450\">Cr\u00e8me solaire quotidienne<\/strong><\/p>\n<\/li>\n<\/ul>\n<p>Id\u00e9al pour les voyages ou un usage quotidien \u2013 profitez d\u2019une peau douce et rafra\u00eechie \u00e0 chaque \u00e9tape.<\/p>\n<p>\u2705 Convient \u00e0 tous les types de peau<br \/>\n\u2705 Emballage compact et portable<br \/>\n\u2705 Inspir\u00e9 des traditions japonaises de soin de la peau<\/p>","protected":false},"excerpt":{"rendered":"<p>Ensemble complet de soins Sakura : nettoyant (15 g),  toner (20 ml), cr\u00e8me (8 g) et \u00e9cran solaire (8 g) \u2013 pr\u00eat pour les voyages et id\u00e9al pour une peau douce et \u00e9clatante.<\/p>","protected":false},"featured_media":152,"comment_status":"open","ping_status":"closed","template":"","meta":{"site-sidebar-layout":"default","site-content-layout":"","ast-site-content-layout":"default","site-content-style":"default","site-sidebar-style":"default","ast-global-header-display":"","ast-banner-title-visibility":"","ast-main-header-display":"","ast-hfb-above-header-display":"","ast-hfb-below-header-display":"","ast-hfb-mobile-header-display":"","site-post-title":"","ast-breadcrumbs-content":"","ast-featured-img":"","footer-sml-layout":"","theme-transparent-header-meta":"default","adv-header-id-meta":"","stick-header-meta":"","header-above-stick-meta":"","header-main-stick-meta":"","header-below-stick-meta":"","astra-migrate-meta-layouts":"set","ast-page-background-enabled":"default","ast-page-background-meta":{"desktop":{"background-color":"var(--ast-global-color-5)","background-image":"","background-repeat":"repeat","background-position":"center center","background-size":"auto","background-attachment":"scroll","background-type":"","background-media":"","overlay-type":"","overlay-color":"","overlay-opacity":"","overlay-gradient":""},"tablet":{"background-color":"","background-image":"","background-repeat":"repeat","background-position":"center center","background-size":"auto","background-attachment":"scroll","background-type":"","background-media":"","overlay-type":"","overlay-color":"","overlay-opacity":"","overlay-gradient":""},"mobile":{"background-color":"","background-image":"","background-repeat":"repeat","background-position":"center center","background-size":"auto","background-attachment":"scroll","background-type":"","background-media":"","overlay-type":"","overlay-color":"","overlay-opacity":"","overlay-gradient":""}},"ast-content-background-meta":{"desktop":{"background-color":"var(--ast-global-color-4)","background-image":"","background-repeat":"repeat","background-position":"center center","background-size":"auto","background-attachment":"scroll","background-type":"","background-media":"","overlay-type":"","overlay-color":"","overlay-opacity":"","overlay-gradient":""},"tablet":{"background-color":"var(--ast-global-color-4)","background-image":"","background-repeat":"repeat","background-position":"center center","background-size":"auto","background-attachment":"scroll","background-type":"","background-media":"","overlay-type":"","overlay-color":"","overlay-opacity":"","overlay-gradient":""},"mobile":{"background-color":"var(--ast-global-color-4)","background-image":"","background-repeat":"repeat","background-position":"center center","background-size":"auto","background-attachment":"scroll","background-type":"","background-media":"","overlay-type":"","overlay-color":"","overlay-opacity":"","overlay-gradient":""}}},"product_brand":[],"product_cat":[32],"product_tag":[36,35,37,33,34],"class_list":{"0":"post-150","1":"product","2":"type-product","3":"status-publish","4":"has-post-thumbnail","6":"product_cat-skincare","7":"product_tag-beauty-set","8":"product_tag-face-care","9":"product_tag-japanese-skincare","10":"product_tag-sakura-skincare","11":"product_tag-travel-kit","12":"desktop-align-left","13":"tablet-align-left","14":"mobile-align-left","16":"first","17":"instock","18":"sale","19":"shipping-taxable","20":"purchasable","21":"product-type-simple"},"aioseo_notices":[],"jetpack_sharing_enabled":true,"_links":{"self":[{"href":"https:\/\/www.gloworia.shop\/fr\/wp-json\/wp\/v2\/product\/150","targetHints":{"allow":["GET"]}}],"collection":[{"href":"https:\/\/www.gloworia.shop\/fr\/wp-json\/wp\/v2\/product"}],"about":[{"href":"https:\/\/www.gloworia.shop\/fr\/wp-json\/wp\/v2\/types\/product"}],"replies":[{"embeddable":true,"href":"https:\/\/www.gloworia.shop\/fr\/wp-json\/wp\/v2\/comments?post=150"}],"wp:featuredmedia":[{"embeddable":true,"href":"https:\/\/www.gloworia.shop\/fr\/wp-json\/wp\/v2\/media\/152"}],"wp:attachment":[{"href":"https:\/\/www.gloworia.shop\/fr\/wp-json\/wp\/v2\/media?parent=150"}],"wp:term":[{"taxonomy":"product_brand","embeddable":true,"href":"https:\/\/www.gloworia.shop\/fr\/wp-json\/wp\/v2\/product_brand?post=150"},{"taxonomy":"product_cat","embeddable":true,"href":"https:\/\/www.gloworia.shop\/fr\/wp-json\/wp\/v2\/product_cat?post=150"},{"taxonomy":"product_tag","embeddable":true,"href":"https:\/\/www.gloworia.shop\/fr\/wp-json\/wp\/v2\/product_tag?post=150"}],"curies":[{"name":"wp","href":"https:\/\/api.w.org\/{rel}","templated":true}]}}