{"id":145,"date":"2025-05-21T23:20:15","date_gmt":"2025-05-21T23:20:15","guid":{"rendered":"https:\/\/www.gloworia.shop\/?post_type=product&#038;p=145"},"modified":"2025-10-30T06:40:30","modified_gmt":"2025-10-30T06:40:30","slug":"vitamin-c-brightening-face-serum-hydrating-anti-dark-spots","status":"publish","type":"product","link":"https:\/\/www.gloworia.shop\/fr\/produit\/vitamin-c-brightening-face-serum-hydrating-anti-dark-spots\/","title":{"rendered":"S\u00e9rum visage \u00e9clat \u00e0 la vitamine C \u2013 Hydratant &amp; anti-taches brunes"},"content":{"rendered":"<p data-start=\"812\" data-end=\"991\">R\u00e9v\u00e9lez votre \u00e9clat naturel avec ce s\u00e9rum visage \u00e0 la vitamine C !<br data-start=\"868\" data-end=\"871\" \/>\u2714\ufe0f Aide \u00e0 r\u00e9duire les taches brunes<br data-start=\"899\" data-end=\"902\" \/>\u2714\ufe0f Hydrate et unifie le teint<br data-start=\"935\" data-end=\"938\" \/>\u2714\ufe0f Formule l\u00e9g\u00e8re, id\u00e9ale pour tous les types de peau<\/p>\n<p data-start=\"998\" data-end=\"1051\">Utilisez quotidiennement apr\u00e8s le nettoyage pour retrouver l\u2019\u00e9clat de votre peau.<\/p>","protected":false},"excerpt":{"rendered":"<p data-start=\"1655\" data-end=\"1757\">S\u00e9rum \u00e0 la vitamine C \u00e9claircissant pour une peau lisse et \u00e9clatante. Hydratant, l\u00e9ger, id\u00e9al pour un usage quotidien.<\/p>","protected":false},"featured_media":349,"comment_status":"open","ping_status":"closed","template":"","meta":{"site-sidebar-layout":"default","site-content-layout":"","ast-site-content-layout":"default","site-content-style":"default","site-sidebar-style":"default","ast-global-header-display":"","ast-banner-title-visibility":"","ast-main-header-display":"","ast-hfb-above-header-display":"","ast-hfb-below-header-display":"","ast-hfb-mobile-header-display":"","site-post-title":"","ast-breadcrumbs-content":"","ast-featured-img":"","footer-sml-layout":"","theme-transparent-header-meta":"default","adv-header-id-meta":"","stick-header-meta":"","header-above-stick-meta":"","header-main-stick-meta":"","header-below-stick-meta":"","astra-migrate-meta-layouts":"set","ast-page-background-enabled":"default","ast-page-background-meta":{"desktop":{"background-color":"var(--ast-global-color-5)","background-image":"","background-repeat":"repeat","background-position":"center center","background-size":"auto","background-attachment":"scroll","background-type":"","background-media":"","overlay-type":"","overlay-color":"","overlay-opacity":"","overlay-gradient":""},"tablet":{"background-color":"","background-image":"","background-repeat":"repeat","background-position":"center center","background-size":"auto","background-attachment":"scroll","background-type":"","background-media":"","overlay-type":"","overlay-color":"","overlay-opacity":"","overlay-gradient":""},"mobile":{"background-color":"","background-image":"","background-repeat":"repeat","background-position":"center center","background-size":"auto","background-attachment":"scroll","background-type":"","background-media":"","overlay-type":"","overlay-color":"","overlay-opacity":"","overlay-gradient":""}},"ast-content-background-meta":{"desktop":{"background-color":"var(--ast-global-color-4)","background-image":"","background-repeat":"repeat","background-position":"center center","background-size":"auto","background-attachment":"scroll","background-type":"","background-media":"","overlay-type":"","overlay-color":"","overlay-opacity":"","overlay-gradient":""},"tablet":{"background-color":"var(--ast-global-color-4)","background-image":"","background-repeat":"repeat","background-position":"center center","background-size":"auto","background-attachment":"scroll","background-type":"","background-media":"","overlay-type":"","overlay-color":"","overlay-opacity":"","overlay-gradient":""},"mobile":{"background-color":"var(--ast-global-color-4)","background-image":"","background-repeat":"repeat","background-position":"center center","background-size":"auto","background-attachment":"scroll","background-type":"","background-media":"","overlay-type":"","overlay-color":"","overlay-opacity":"","overlay-gradient":""}}},"product_brand":[],"product_cat":[32],"product_tag":[30,31,29,28,27],"class_list":{"0":"post-145","1":"product","2":"type-product","3":"status-publish","4":"has-post-thumbnail","6":"product_cat-skincare","7":"product_tag-dark-spots","8":"product_tag-hydration","9":"product_tag-serum","10":"product_tag-skincare","11":"product_tag-vitamin-c","12":"desktop-align-left","13":"tablet-align-left","14":"mobile-align-left","16":"first","17":"instock","18":"sale","19":"shipping-taxable","20":"purchasable","21":"product-type-simple"},"aioseo_notices":[],"jetpack_sharing_enabled":true,"_links":{"self":[{"href":"https:\/\/www.gloworia.shop\/fr\/wp-json\/wp\/v2\/product\/145","targetHints":{"allow":["GET"]}}],"collection":[{"href":"https:\/\/www.gloworia.shop\/fr\/wp-json\/wp\/v2\/product"}],"about":[{"href":"https:\/\/www.gloworia.shop\/fr\/wp-json\/wp\/v2\/types\/product"}],"replies":[{"embeddable":true,"href":"https:\/\/www.gloworia.shop\/fr\/wp-json\/wp\/v2\/comments?post=145"}],"wp:featuredmedia":[{"embeddable":true,"href":"https:\/\/www.gloworia.shop\/fr\/wp-json\/wp\/v2\/media\/349"}],"wp:attachment":[{"href":"https:\/\/www.gloworia.shop\/fr\/wp-json\/wp\/v2\/media?parent=145"}],"wp:term":[{"taxonomy":"product_brand","embeddable":true,"href":"https:\/\/www.gloworia.shop\/fr\/wp-json\/wp\/v2\/product_brand?post=145"},{"taxonomy":"product_cat","embeddable":true,"href":"https:\/\/www.gloworia.shop\/fr\/wp-json\/wp\/v2\/product_cat?post=145"},{"taxonomy":"product_tag","embeddable":true,"href":"https:\/\/www.gloworia.shop\/fr\/wp-json\/wp\/v2\/product_tag?post=145"}],"curies":[{"name":"wp","href":"https:\/\/api.w.org\/{rel}","templated":true}]}}