{"id":73,"date":"2025-05-20T14:51:04","date_gmt":"2025-05-20T14:51:04","guid":{"rendered":"https:\/\/www.gloworia.shop\/?page_id=73"},"modified":"2025-05-20T16:14:48","modified_gmt":"2025-05-20T16:14:48","slug":"about-us","status":"publish","type":"page","link":"https:\/\/www.gloworia.shop\/fr\/about-us\/","title":{"rendered":"A propos"},"content":{"rendered":"<p>Bienvenue chez Gloworia !\nNous sommes passionn\u00e9s par l\u2019id\u00e9e de vous aider \u00e0 obtenir une peau saine et \u00e9clatante gr\u00e2ce \u00e0 nos produits de soins minutieusement s\u00e9lectionn\u00e9s. Chez Gloworia, nous croyons en la qualit\u00e9, aux ingr\u00e9dients naturels et \u00e0 un service client irr\u00e9prochable.\nQue vous d\u00e9butiez votre routine de soins ou que vous cherchiez \u00e0 la perfectionner, nous sommes l\u00e0 pour vous accompagner \u00e0 chaque \u00e9tape.<\/p>\n\n\n\n<p>Merci d'avoir choisi Gloworia \u2014 votre peau vous dira merci !<\/p>","protected":false},"excerpt":{"rendered":"<p>Welcome to Gloworia! We are passionate about helping you achieve healthy, radiant skin with our carefully selected skincare products. At [&hellip;]<\/p>","protected":false},"author":1,"featured_media":0,"parent":0,"menu_order":0,"comment_status":"closed","ping_status":"closed","template":"","meta":{"site-sidebar-layout":"default","site-content-layout":"","ast-site-content-layout":"","site-content-style":"default","site-sidebar-style":"default","ast-global-header-display":"","ast-banner-title-visibility":"","ast-main-header-display":"","ast-hfb-above-header-display":"","ast-hfb-below-header-display":"","ast-hfb-mobile-header-display":"","site-post-title":"","ast-breadcrumbs-content":"","ast-featured-img":"","footer-sml-layout":"","theme-transparent-header-meta":"","adv-header-id-meta":"","stick-header-meta":"","header-above-stick-meta":"","header-main-stick-meta":"","header-below-stick-meta":"","astra-migrate-meta-layouts":"default","ast-page-background-enabled":"default","ast-page-background-meta":{"desktop":{"background-color":"var(--ast-global-color-5)","background-image":"","background-repeat":"repeat","background-position":"center center","background-size":"auto","background-attachment":"scroll","background-type":"","background-media":"","overlay-type":"","overlay-color":"","overlay-opacity":"","overlay-gradient":""},"tablet":{"background-color":"","background-image":"","background-repeat":"repeat","background-position":"center center","background-size":"auto","background-attachment":"scroll","background-type":"","background-media":"","overlay-type":"","overlay-color":"","overlay-opacity":"","overlay-gradient":""},"mobile":{"background-color":"","background-image":"","background-repeat":"repeat","background-position":"center center","background-size":"auto","background-attachment":"scroll","background-type":"","background-media":"","overlay-type":"","overlay-color":"","overlay-opacity":"","overlay-gradient":""}},"ast-content-background-meta":{"desktop":{"background-color":"var(--ast-global-color-4)","background-image":"","background-repeat":"repeat","background-position":"center center","background-size":"auto","background-attachment":"scroll","background-type":"","background-media":"","overlay-type":"","overlay-color":"","overlay-opacity":"","overlay-gradient":""},"tablet":{"background-color":"var(--ast-global-color-4)","background-image":"","background-repeat":"repeat","background-position":"center center","background-size":"auto","background-attachment":"scroll","background-type":"","background-media":"","overlay-type":"","overlay-color":"","overlay-opacity":"","overlay-gradient":""},"mobile":{"background-color":"var(--ast-global-color-4)","background-image":"","background-repeat":"repeat","background-position":"center center","background-size":"auto","background-attachment":"scroll","background-type":"","background-media":"","overlay-type":"","overlay-color":"","overlay-opacity":"","overlay-gradient":""}},"footnotes":""},"class_list":["post-73","page","type-page","status-publish","hentry"],"aioseo_notices":[],"jetpack_sharing_enabled":true,"_links":{"self":[{"href":"https:\/\/www.gloworia.shop\/fr\/wp-json\/wp\/v2\/pages\/73","targetHints":{"allow":["GET"]}}],"collection":[{"href":"https:\/\/www.gloworia.shop\/fr\/wp-json\/wp\/v2\/pages"}],"about":[{"href":"https:\/\/www.gloworia.shop\/fr\/wp-json\/wp\/v2\/types\/page"}],"author":[{"embeddable":true,"href":"https:\/\/www.gloworia.shop\/fr\/wp-json\/wp\/v2\/users\/1"}],"replies":[{"embeddable":true,"href":"https:\/\/www.gloworia.shop\/fr\/wp-json\/wp\/v2\/comments?post=73"}],"version-history":[{"count":2,"href":"https:\/\/www.gloworia.shop\/fr\/wp-json\/wp\/v2\/pages\/73\/revisions"}],"predecessor-version":[{"id":110,"href":"https:\/\/www.gloworia.shop\/fr\/wp-json\/wp\/v2\/pages\/73\/revisions\/110"}],"wp:attachment":[{"href":"https:\/\/www.gloworia.shop\/fr\/wp-json\/wp\/v2\/media?parent=73"}],"curies":[{"name":"wp","href":"https:\/\/api.w.org\/{rel}","templated":true}]}}