{"id":111,"date":"2025-05-20T16:21:33","date_gmt":"2025-05-20T16:21:33","guid":{"rendered":"https:\/\/www.gloworia.shop\/?page_id=111"},"modified":"2025-05-20T16:21:37","modified_gmt":"2025-05-20T16:21:37","slug":"terms-and-conditions","status":"publish","type":"page","link":"https:\/\/www.gloworia.shop\/fr\/terms-and-conditions\/","title":{"rendered":"Conditions g\u00e9n\u00e9rales"},"content":{"rendered":"<p>Bienvenue chez Gloworia ! En utilisant notre site web et en achetant nos produits, vous acceptez les conditions suivantes :<\/p>\n\n\n\n<ul class=\"wp-block-list\">\n<li>Tous les produits sont soigneusement s\u00e9lectionn\u00e9s et inspect\u00e9s pour garantir leur qualit\u00e9.<\/li>\n\n\n\n<li>Les commandes sont soumises \u00e0 la disponibilit\u00e9 des produits.<\/li>\n\n\n\n<li>Nous offrons des remboursements ou \u00e9changes uniquement pour les produits d\u00e9fectueux ou incorrects \u2014 veuillez nous contacter dans les 7 jours suivant la livraison.<\/li>\n\n\n\n<li>Nous ne sommes pas responsables des retards caus\u00e9s par les transporteurs.<\/li>\n\n\n\n<li>Les prix et promotions peuvent changer sans pr\u00e9avis.<\/li>\n\n\n\n<li>Vous vous engagez \u00e0 respecter toutes les lois locales relatives aux achats en ligne.<br><\/li>\n\n\n\n<li>Si vous avez des questions concernant ces conditions, veuillez nous contacter.<\/li>\n<\/ul>\n\n\n\n<p><\/p>","protected":false},"excerpt":{"rendered":"<p>Bienvenue chez Gloworia ! En utilisant notre site web et en achetant nos produits, vous acceptez les conditions suivantes :<\/p>","protected":false},"author":1,"featured_media":0,"parent":0,"menu_order":0,"comment_status":"closed","ping_status":"closed","template":"","meta":{"site-sidebar-layout":"default","site-content-layout":"","ast-site-content-layout":"","site-content-style":"default","site-sidebar-style":"default","ast-global-header-display":"","ast-banner-title-visibility":"","ast-main-header-display":"","ast-hfb-above-header-display":"","ast-hfb-below-header-display":"","ast-hfb-mobile-header-display":"","site-post-title":"","ast-breadcrumbs-content":"","ast-featured-img":"","footer-sml-layout":"","theme-transparent-header-meta":"","adv-header-id-meta":"","stick-header-meta":"","header-above-stick-meta":"","header-main-stick-meta":"","header-below-stick-meta":"","astra-migrate-meta-layouts":"default","ast-page-background-enabled":"default","ast-page-background-meta":{"desktop":{"background-color":"var(--ast-global-color-5)","background-image":"","background-repeat":"repeat","background-position":"center center","background-size":"auto","background-attachment":"scroll","background-type":"","background-media":"","overlay-type":"","overlay-color":"","overlay-opacity":"","overlay-gradient":""},"tablet":{"background-color":"","background-image":"","background-repeat":"repeat","background-position":"center center","background-size":"auto","background-attachment":"scroll","background-type":"","background-media":"","overlay-type":"","overlay-color":"","overlay-opacity":"","overlay-gradient":""},"mobile":{"background-color":"","background-image":"","background-repeat":"repeat","background-position":"center center","background-size":"auto","background-attachment":"scroll","background-type":"","background-media":"","overlay-type":"","overlay-color":"","overlay-opacity":"","overlay-gradient":""}},"ast-content-background-meta":{"desktop":{"background-color":"var(--ast-global-color-4)","background-image":"","background-repeat":"repeat","background-position":"center center","background-size":"auto","background-attachment":"scroll","background-type":"","background-media":"","overlay-type":"","overlay-color":"","overlay-opacity":"","overlay-gradient":""},"tablet":{"background-color":"var(--ast-global-color-4)","background-image":"","background-repeat":"repeat","background-position":"center center","background-size":"auto","background-attachment":"scroll","background-type":"","background-media":"","overlay-type":"","overlay-color":"","overlay-opacity":"","overlay-gradient":""},"mobile":{"background-color":"var(--ast-global-color-4)","background-image":"","background-repeat":"repeat","background-position":"center center","background-size":"auto","background-attachment":"scroll","background-type":"","background-media":"","overlay-type":"","overlay-color":"","overlay-opacity":"","overlay-gradient":""}},"footnotes":""},"class_list":["post-111","page","type-page","status-publish","hentry"],"aioseo_notices":[],"jetpack_sharing_enabled":true,"_links":{"self":[{"href":"https:\/\/www.gloworia.shop\/fr\/wp-json\/wp\/v2\/pages\/111","targetHints":{"allow":["GET"]}}],"collection":[{"href":"https:\/\/www.gloworia.shop\/fr\/wp-json\/wp\/v2\/pages"}],"about":[{"href":"https:\/\/www.gloworia.shop\/fr\/wp-json\/wp\/v2\/types\/page"}],"author":[{"embeddable":true,"href":"https:\/\/www.gloworia.shop\/fr\/wp-json\/wp\/v2\/users\/1"}],"replies":[{"embeddable":true,"href":"https:\/\/www.gloworia.shop\/fr\/wp-json\/wp\/v2\/comments?post=111"}],"version-history":[{"count":1,"href":"https:\/\/www.gloworia.shop\/fr\/wp-json\/wp\/v2\/pages\/111\/revisions"}],"predecessor-version":[{"id":112,"href":"https:\/\/www.gloworia.shop\/fr\/wp-json\/wp\/v2\/pages\/111\/revisions\/112"}],"wp:attachment":[{"href":"https:\/\/www.gloworia.shop\/fr\/wp-json\/wp\/v2\/media?parent=111"}],"curies":[{"name":"wp","href":"https:\/\/api.w.org\/{rel}","templated":true}]}}